{"id":17,"date":"2018-05-29T11:14:04","date_gmt":"2018-05-29T11:14:04","guid":{"rendered":"https:\/\/xtratheme.com\/default\/?page_id=17"},"modified":"2024-07-09T10:49:56","modified_gmt":"2024-07-09T10:49:56","slug":"iletisim","status":"publish","type":"page","link":"https:\/\/www.afyongozbebegianaokulu.com.tr\/?page_id=17","title":{"rendered":"\u0130leti\u015fim"},"content":{"rendered":"<p>[vc_row full_width=&#8221;stretch_row&#8221; css=&#8221;.vc_custom_1531400265897{background-color: #f4f4f4 !important;}&#8221;][vc_column offset=&#8221;vc_col-md-6&#8243;]<div class=\"cz_gap clr \" style=\"height: 70px\"><\/div><div id=\"cz_15101\" class=\"cz_15101 cz_title clr cz_title_pos_inline\"><div class=\"cz_title_content\"><div class=\"cz_wpe_content\"><h3><span style=\"font-size: 36px;\">Bizimle\u00a0<span style=\"color: #ec1651;\">\u0130leti\u015fime Ge\u00e7in<\/span><\/span><\/h3>\n<p><span style=\"color: #aaaaaa; font-size: 18px;\">Form Doldurun<\/span><\/p>\n<\/div><\/div><\/div><div id=\"cz_107179\" class=\"cz_107179 cz_title clr cz_title_pos_inline\"><div class=\"cz_title_content\"><div class=\"cz_wpe_content\"><p>Haritam\u0131za t\u0131klayarak okulumuzun konumuna ula\u015fabilirsiniz.<\/p>\n<\/div><\/div><\/div><div class=\"cz_gap clr \" style=\"height: 60px\"><\/div><div id=\"cz_110233\" class=\"cz_110233 cz_cf7 clr\"><div><div role=\"form\" class=\"wpcf7\" id=\"wpcf7-f7-o1\" lang=\"tr-TR\" dir=\"ltr\">\n<div class=\"screen-reader-response\"><p role=\"status\" aria-live=\"polite\" aria-atomic=\"true\"><\/p> <ul><\/ul><\/div>\n<form action=\"\/index.php?rest_route=%2Fwp%2Fv2%2Fpages%2F17#wpcf7-f7-o1\" method=\"post\" class=\"wpcf7-form init\" novalidate=\"novalidate\" data-status=\"init\">\n<div style=\"display: none;\">\n<input type=\"hidden\" name=\"_wpcf7\" value=\"7\" \/>\n<input type=\"hidden\" name=\"_wpcf7_version\" value=\"5.5.6.1\" \/>\n<input type=\"hidden\" name=\"_wpcf7_locale\" value=\"tr_TR\" \/>\n<input type=\"hidden\" name=\"_wpcf7_unit_tag\" value=\"wpcf7-f7-o1\" \/>\n<input type=\"hidden\" name=\"_wpcf7_container_post\" value=\"0\" \/>\n<input type=\"hidden\" name=\"_wpcf7_posted_data_hash\" value=\"\" \/>\n<\/div>\n<p><label> \u0130sim - Soyisim (*)<br \/>\n    <span class=\"wpcf7-form-control-wrap your-name\"><input type=\"text\" name=\"your-name\" value=\"\" size=\"40\" class=\"wpcf7-form-control wpcf7-text wpcf7-validates-as-required\" aria-required=\"true\" aria-invalid=\"false\" \/><\/span> <\/label><\/p>\n<p><label> E-mail (*)<br \/>\n    <span class=\"wpcf7-form-control-wrap your-email\"><input type=\"email\" name=\"your-email\" value=\"\" size=\"40\" class=\"wpcf7-form-control wpcf7-text wpcf7-email wpcf7-validates-as-required wpcf7-validates-as-email\" aria-required=\"true\" aria-invalid=\"false\" \/><\/span> <\/label><\/p>\n<p><label> Konu<br \/>\n    <span class=\"wpcf7-form-control-wrap your-subject\"><input type=\"text\" name=\"your-subject\" value=\"\" size=\"40\" class=\"wpcf7-form-control wpcf7-text\" aria-invalid=\"false\" \/><\/span> <\/label><\/p>\n<p><label> Mesaj<br \/>\n    <span class=\"wpcf7-form-control-wrap your-message\"><textarea name=\"your-message\" cols=\"40\" rows=\"10\" class=\"wpcf7-form-control wpcf7-textarea\" aria-invalid=\"false\"><\/textarea><\/span> <\/label><\/p>\n<p><input type=\"submit\" value=\"G\u00f6nder\" class=\"wpcf7-form-control has-spinner wpcf7-submit\" \/><\/p>\n<div class=\"wpcf7-response-output\" aria-hidden=\"true\"><\/div><\/form><\/div><\/div><\/div>[\/vc_column][vc_column offset=&#8221;vc_col-md-6&#8243;]<div class=\"cz_eqh cz_content_box_parent_fx  \"><div id=\"cz_14327\" class=\"cz_14327 cz_content_box clr\"><div class=\"cz_box_front clr\"><div class=\"cz_box_front_inner clr cz_content_box_full_after\"><div><div class=\"cz_gap clr \" style=\"height: 70px\"><\/div><div id=\"cz_48056\" class=\"cz_48056 services clr style1 cz_sbi_fx_11 left\"><div class=\"service_custom\"><i class=\"fa czico-007-phone-chat-with-wifi-signal\"><\/i><\/div><div class=\"service_text\"><h3>Telefon<\/h3><div class=\"cz_wpe_content\">0536 791 29 29<\/div><\/div><\/div><div id=\"cz_76299\" class=\"cz_76299 services clr style1 cz_sbi_fx_11 left\"><div class=\"service_custom\"><i class=\"fa czico-006-speech-bubble-with-text-lines\"><\/i><\/div><div class=\"service_text\"><h3>E-mail<\/h3><div class=\"cz_wpe_content\"><strong>gozbebegianaokulu@gmail.com<\/strong><\/div><\/div><\/div><div id=\"cz_99158\" class=\"cz_99158 services clr style1 cz_sbi_fx_11 left\"><div class=\"service_custom\"><i class=\"fa czico-082-maps-and-flags\"><\/i><\/div><div class=\"service_text\"><h3>Adres<\/h3><div class=\"cz_wpe_content\"><h6 class=\"_ap3a _aaco _aacu _aacy _aad6 _aade\" dir=\"auto\">Sel\u00e7uklu Mah. Orhun Konutlar\u0131 G\u00f6zbebe\u011fi Anaokulu Merkez \/ Afyonkarahisar<\/h6>\n<\/div><\/div><\/div>[vc_gmaps link=&#8221;#E-8_JTNDaWZyYW1lJTIwc3JjJTNEJTIyaHR0cHMlM0ElMkYlMkZ3d3cuZ29vZ2xlLmNvbSUyRm1hcHMlMkZlbWJlZCUzRnBiJTNEJTIxMW0xOCUyMTFtMTIlMjExbTMlMjExZDMxMTAuNjUwMTQwODc2NjQ2NyUyMTJkMzAuNTI1MDMxJTIxM2QzOC43NzE3Mjc3JTIxMm0zJTIxMWYwJTIxMmYwJTIxM2YwJTIxM20yJTIxMWkxMDI0JTIxMmk3NjglMjE0ZjEzLjElMjEzbTMlMjExbTIlMjExczB4MTRjZjNkMGE1ZGU3ZjFkZCUyNTNBMHg1M2Y1NzJkOTBkOTdiMjBlJTIxMnMlMjVDMyUyNTk2emVsJTI1MjBBZnlvbmthcmFoaXNhciUyNTIwRyUyNUMzJTI1QjZ6YmViZSUyNUM0JTI1OUZpJTI1MjBBbmFva3VsdSUyMTVlMCUyMTNtMiUyMTFzdHIlMjEyc3RyJTIxNHYxNzIwNTIyMTc2NjAyJTIxNW0yJTIxMXN0ciUyMTJzdHIlMjIlMjB3aWR0aCUzRCUyMjYwMCUyMiUyMGhlaWdodCUzRCUyMjQ1MCUyMiUyMHN0eWxlJTNEJTIyYm9yZGVyJTNBMCUzQiUyMiUyMGFsbG93ZnVsbHNjcmVlbiUzRCUyMiUyMiUyMGxvYWRpbmclM0QlMjJsYXp5JTIyJTIwcmVmZXJyZXJwb2xpY3klM0QlMjJuby1yZWZlcnJlci13aGVuLWRvd25ncmFkZSUyMiUzRSUzQyUyRmlmcmFtZSUzRQ==&#8221;]<\/div><\/div><\/div><\/div><\/div>[\/vc_column][\/vc_row]<\/p>\n","protected":false},"excerpt":{"rendered":"<p>[vc_row full_width=&#8221;stretch_row&#8221; css=&#8221;.vc_custom_1531400265897{background-color: #f4f4f4 !important;}&#8221;][vc_column offset=&#8221;vc_col-md-6&#8243;][\/vc_column][vc_column offset=&#8221;vc_col-md-6&#8243;][\/vc_column][\/vc_row] &#8230; <\/p>\n","protected":false},"author":1,"featured_media":0,"parent":0,"menu_order":0,"comment_status":"closed","ping_status":"closed","template":"","meta":{"footnotes":""},"_links":{"self":[{"href":"https:\/\/www.afyongozbebegianaokulu.com.tr\/index.php?rest_route=\/wp\/v2\/pages\/17"}],"collection":[{"href":"https:\/\/www.afyongozbebegianaokulu.com.tr\/index.php?rest_route=\/wp\/v2\/pages"}],"about":[{"href":"https:\/\/www.afyongozbebegianaokulu.com.tr\/index.php?rest_route=\/wp\/v2\/types\/page"}],"author":[{"embeddable":true,"href":"https:\/\/www.afyongozbebegianaokulu.com.tr\/index.php?rest_route=\/wp\/v2\/users\/1"}],"replies":[{"embeddable":true,"href":"https:\/\/www.afyongozbebegianaokulu.com.tr\/index.php?rest_route=%2Fwp%2Fv2%2Fcomments&post=17"}],"version-history":[{"count":23,"href":"https:\/\/www.afyongozbebegianaokulu.com.tr\/index.php?rest_route=\/wp\/v2\/pages\/17\/revisions"}],"predecessor-version":[{"id":1855,"href":"https:\/\/www.afyongozbebegianaokulu.com.tr\/index.php?rest_route=\/wp\/v2\/pages\/17\/revisions\/1855"}],"wp:attachment":[{"href":"https:\/\/www.afyongozbebegianaokulu.com.tr\/index.php?rest_route=%2Fwp%2Fv2%2Fmedia&parent=17"}],"curies":[{"name":"wp","href":"https:\/\/api.w.org\/{rel}","templated":true}]}}