{"id":1306,"date":"2019-03-08T07:24:54","date_gmt":"2019-03-08T07:24:54","guid":{"rendered":"https:\/\/www.afyongozbebegianaokulu.com.tr\/?page_id=1306"},"modified":"2024-07-09T10:32:03","modified_gmt":"2024-07-09T10:32:03","slug":"anaokullari-yemek-menusu","status":"publish","type":"page","link":"https:\/\/www.afyongozbebegianaokulu.com.tr\/?page_id=1306","title":{"rendered":"Yemek Men\u00fcs\u00fc"},"content":{"rendered":"<p>[vc_row][vc_column]<div class=\"cz_gap clr \" style=\"height: 100px\"><\/div>[\/vc_column][\/vc_row][vc_row full_width=&#8221;stretch_row&#8221; gap=&#8221;35&#8243; css=&#8221;.vc_custom_1552030679789{background-color: rgba(251,251,251,0.03) !important;*background-color: rgb(251,251,251) !important;}&#8221;][vc_column width=&#8221;1\/3&#8243; offset=&#8221;vc_col-lg-8 vc_col-md-6&#8243;]<div class=\"cz_gap clr \" style=\"height: 100px\"><\/div><div class=\"wpb_animate_when_almost_visible wpb_bottom-to-top bottom-to-top relative \"><div id=\"cz_20095\" class=\"cz_20095 cz_title clr cz_smart_fs cz_mobile_text_center cz_title_pos_inline tac\"><div class=\"cz_title_content\"><div class=\"cz_wpe_content\"><h3 style=\"text-align: center;\"><span style=\"font-size: 36px;\"><span class=\"cz_underline cz_underline_solid\" style=\"color: #e32f56; margin: 0px 2px; padding: 1px 0px 2px; border-bottom: 1px solid;\">G\u00f6zbebe\u011fi<\/span><strong>\u00a0Yemek Listesi<\/strong><\/span><\/h3>\n<\/div><\/div><\/div><\/div><div id=\"cz_59477\" class=\"cz_59477 cz_title clr cz_mobile_text_center cz_title_pos_inline tac\"><div class=\"cz_title_content\"><div class=\"cz_wpe_content\"><p style=\"text-align: center;\">4-6 ya\u015f \u00e7ocuklar\u0131m\u0131z\u0131n g\u00fcnl\u00fck protein, cho, ya\u011f, vitamin ve mineral ihtiya\u00e7lar\u0131 g\u00f6zetilmektedir. Yemeklerimiz Yeterli ve dengeli \u015fekilde haz\u0131rlanm\u0131\u015f ihtiya\u00e7lar\u0131 olan 1700 kcal&#8217;nin<br \/>\ntamam\u0131 kar\u015f\u0131layacak \u015fekilde ayarlanm\u0131\u015ft\u0131r. Yemeklerimiz deneyimli a\u015f\u00e7\u0131lar\u0131m\u0131z taraf\u0131ndan pi\u015firilmektedir. Mutfa\u011f\u0131m\u0131z G\u0131da Tar\u0131m ve Hayvanc\u0131l\u0131k Bakanl\u0131\u011f\u0131 taraf\u0131ndan belirli aral\u0131klarla denetlenmektedir.\u00a0 Serpme kahvalt\u0131 i\u00e7eri\u011fi; ye\u015fil-siyah zeytin, tereya\u011f, pekmez, bal, re\u00e7el \u00e7e\u015fitleri, beyaz peynir, krem peynir.<br \/>\nMevsimsel de\u011fi\u015fiklikten dolay\u0131 her sabah kahvalt\u0131dan sonra bir tatl\u0131 ka\u015f\u0131\u011f\u0131 harnup pekmez i\u00e7irilmektedir.\u00a0Yemeklerde kulland\u0131\u011f\u0131m\u0131z kuzu ve dana etleri kendi kesimimiz olup hijyenik olarak saklanmaktad\u0131r. Sucuk ve kuru yolum tavuk eti Akdeniz Toros entegre tesislerinden temin edilmektedir.<br \/>\nAnaokullar\u0131 yemek menusu ay ba\u015f\u0131nda haz\u0131rlanarak web sitemizde yay\u0131nlanmaktad\u0131r. Her ay\u0131n anaokulullar\u0131 yemek men\u00fcs\u00fcn\u00fc sitemizden indirebilirsiniz.<\/p>\n<\/div><\/div><\/div>[\/vc_column][vc_column width=&#8221;1\/3&#8243; offset=&#8221;vc_col-lg-4 vc_col-md-6 vc_col-xs-12&#8243;][vc_btn title=&#8221;Ocak Ay\u0131 Yemek Listesi&#8221;][vc_btn title=&#8221;\u015eubat Ay\u0131 Yemek Listesi&#8221; link=&#8221;url:https%3A%2F%2Fwww.afyongozbebegianaokulu.com.tr%2Fwp-content%2Fuploads%2F2022%2F06%2Fsubat-ayi-yemek-listesi-2.xlsx|||&#8221;][vc_btn title=&#8221;Mart Ay\u0131 Yemek Listesi&#8221; link=&#8221;url:https%3A%2F%2Fwww.afyongozbebegianaokulu.com.tr%2Fwp-content%2Fuploads%2F2022%2F06%2Fmart-ayi-yemek-listesi.xlsx|||&#8221;][vc_btn title=&#8221;Nisan Ay\u0131 Yemek Listesi&#8221;][vc_btn title=&#8221;May\u0131s Ay\u0131 Yemek Listesi&#8221;][vc_btn title=&#8221;Haziran Ay\u0131 Yemek Listesi&#8221; link=&#8221;url:https%3A%2F%2Fwww.afyongozbebegianaokulu.com.tr%2Fwp-content%2Fuploads%2F2022%2F06%2Fhaziran-ayi-yemek-listesi.xlsx|||&#8221;][vc_btn title=&#8221;Temmuz Ay\u0131 Yemek Listesi&#8221;][vc_btn title=&#8221;A\u011fustos Ay\u0131 Yemek Listesi&#8221;][vc_btn title=&#8221;Eyl\u00fcl Ay\u0131 Yemek Listesi&#8221; link=&#8221;url:https%3A%2F%2Fwww.afyongozbebegianaokulu.com.tr%2Fwp-content%2Fuploads%2F2022%2F06%2Feylul-ayi-yemek-listesi.docx|||&#8221;][vc_btn title=&#8221;Ekim Ay\u0131 Yemek Listesi&#8221; link=&#8221;url:https%3A%2F%2Fwww.afyongozbebegianaokulu.com.tr%2Fwp-content%2Fuploads%2F2022%2F06%2Fekim-ayi-yemek-listesi-2.docx|||&#8221;][vc_btn title=&#8221;Kas\u0131m Ay\u0131 Yemek Listesi&#8221; link=&#8221;url:https%3A%2F%2Fwww.afyongozbebegianaokulu.com.tr%2Fwp-content%2Fuploads%2F2022%2F06%2Fkasim-ayi-yemek-listesi.docx|||&#8221;][vc_btn title=&#8221;Aral\u0131k Ay\u0131 Yemek Listesi&#8221; link=&#8221;url:https%3A%2F%2Fwww.afyongozbebegianaokulu.com.tr%2Fwp-content%2Fuploads%2F2022%2F06%2Faralik-ayi-yemek-listesi.xlsx|||&#8221;][\/vc_column][vc_column width=&#8221;1\/3&#8243;][\/vc_column][\/vc_row][vc_row][vc_column][\/vc_column][\/vc_row][vc_row][vc_column]<div class=\"cz_gap clr \" style=\"height: 100px\"><\/div>[\/vc_column][\/vc_row]<\/p>\n","protected":false},"excerpt":{"rendered":"<p>[vc_row][vc_column][\/vc_column][\/vc_row][vc_row full_width=&#8221;stretch_row&#8221; gap=&#8221;35&#8243; css=&#8221;.vc_custom_1552030679789{background-color: rgba(251,251,251,0.03) !important;*background-color: rgb(251,251,251) !important;}&#8221;][vc_column width=&#8221;1\/3&#8243; offset=&#8221;vc_col-lg-8 vc_col-md-6&#8243;][\/vc_column][vc_column width=&#8221;1\/3&#8243; offset=&#8221;vc_col-lg-4 vc_col-md-6 vc_col-xs-12&#8243;][vc_btn title=&#8221;Ocak Ay\u0131 Yemek Listesi&#8221;][vc_btn title=&#8221;\u015eubat &#8230; <\/p>\n","protected":false},"author":1,"featured_media":0,"parent":0,"menu_order":0,"comment_status":"closed","ping_status":"closed","template":"","meta":{"footnotes":""},"_links":{"self":[{"href":"https:\/\/www.afyongozbebegianaokulu.com.tr\/index.php?rest_route=\/wp\/v2\/pages\/1306"}],"collection":[{"href":"https:\/\/www.afyongozbebegianaokulu.com.tr\/index.php?rest_route=\/wp\/v2\/pages"}],"about":[{"href":"https:\/\/www.afyongozbebegianaokulu.com.tr\/index.php?rest_route=\/wp\/v2\/types\/page"}],"author":[{"embeddable":true,"href":"https:\/\/www.afyongozbebegianaokulu.com.tr\/index.php?rest_route=\/wp\/v2\/users\/1"}],"replies":[{"embeddable":true,"href":"https:\/\/www.afyongozbebegianaokulu.com.tr\/index.php?rest_route=%2Fwp%2Fv2%2Fcomments&post=1306"}],"version-history":[{"count":15,"href":"https:\/\/www.afyongozbebegianaokulu.com.tr\/index.php?rest_route=\/wp\/v2\/pages\/1306\/revisions"}],"predecessor-version":[{"id":1854,"href":"https:\/\/www.afyongozbebegianaokulu.com.tr\/index.php?rest_route=\/wp\/v2\/pages\/1306\/revisions\/1854"}],"wp:attachment":[{"href":"https:\/\/www.afyongozbebegianaokulu.com.tr\/index.php?rest_route=%2Fwp%2Fv2%2Fmedia&parent=1306"}],"curies":[{"name":"wp","href":"https:\/\/api.w.org\/{rel}","templated":true}]}}