{"id":1230,"date":"2019-03-04T05:54:38","date_gmt":"2019-03-04T05:54:38","guid":{"rendered":"https:\/\/www.afyongozbebegianaokulu.com.tr\/?page_id=1230"},"modified":"2024-07-13T09:41:04","modified_gmt":"2024-07-13T09:41:04","slug":"bayrakli-anaokulu-faaliyetleri","status":"publish","type":"page","link":"https:\/\/www.afyongozbebegianaokulu.com.tr\/?page_id=1230","title":{"rendered":"Faaliyetler"},"content":{"rendered":"<p>[vc_row][vc_column]<div id=\"cz_79294\" class=\"cz_grid_p cz_79294\"><div class=\"cz_grid cz_grid_1 clr cz_grid_c3 cz_grid_1_no_hover cz_grid_1_mid tac\" data-gap=\"60\"><div class=\"cz_grid_item cz_grid_first\"><\/div><div class=\"cz_grid_item \"><div><a class=\"cz_grid_link \" href=\"https:\/\/www.afyongozbebegianaokulu.com.tr\/wp-content\/uploads\/2024\/07\/IMG_20231214_135111_121.webp\"><img decoding=\"async\" width=\"600\" height=\"600\" src=\"https:\/\/www.afyongozbebegianaokulu.com.tr\/wp-content\/uploads\/2024\/07\/IMG_20231214_135111_121-600x600.webp\" class=\"attachment-codevz_600_600\" alt=\"\" srcset=\"https:\/\/www.afyongozbebegianaokulu.com.tr\/wp-content\/uploads\/2024\/07\/IMG_20231214_135111_121-600x600.webp 600w, https:\/\/www.afyongozbebegianaokulu.com.tr\/wp-content\/uploads\/2024\/07\/IMG_20231214_135111_121-300x300.webp 300w, https:\/\/www.afyongozbebegianaokulu.com.tr\/wp-content\/uploads\/2024\/07\/IMG_20231214_135111_121-150x150.webp 150w, https:\/\/www.afyongozbebegianaokulu.com.tr\/wp-content\/uploads\/2024\/07\/IMG_20231214_135111_121-768x768.webp 768w, https:\/\/www.afyongozbebegianaokulu.com.tr\/wp-content\/uploads\/2024\/07\/IMG_20231214_135111_121.webp 899w\" sizes=\"(max-width: 600px) 100vw, 600px\" \/><div class=\"cz_grid_details\"><i class=\"fa fa-search cz_grid_icon\"><\/i><h3>IMG_20231214_135111_121 ...<\/h3><\/div><\/a><\/div><\/div><div class=\"cz_grid_item \"><div><a class=\"cz_grid_link \" href=\"https:\/\/www.afyongozbebegianaokulu.com.tr\/wp-content\/uploads\/2024\/07\/IMG_20231222_142538_722.webp\"><img decoding=\"async\" width=\"600\" height=\"600\" src=\"https:\/\/www.afyongozbebegianaokulu.com.tr\/wp-content\/uploads\/2024\/07\/IMG_20231222_142538_722-600x600.webp\" class=\"attachment-codevz_600_600\" alt=\"\" srcset=\"https:\/\/www.afyongozbebegianaokulu.com.tr\/wp-content\/uploads\/2024\/07\/IMG_20231222_142538_722-600x600.webp 600w, https:\/\/www.afyongozbebegianaokulu.com.tr\/wp-content\/uploads\/2024\/07\/IMG_20231222_142538_722-150x150.webp 150w\" sizes=\"(max-width: 600px) 100vw, 600px\" \/><div class=\"cz_grid_details\"><i class=\"fa fa-search cz_grid_icon\"><\/i><h3>IMG_20231222_142538_722 ...<\/h3><\/div><\/a><\/div><\/div><div class=\"cz_grid_item \"><div><a class=\"cz_grid_link \" href=\"https:\/\/www.afyongozbebegianaokulu.com.tr\/wp-content\/uploads\/2024\/07\/IMG_20240521_124655_456.webp\"><img decoding=\"async\" width=\"600\" height=\"600\" src=\"https:\/\/www.afyongozbebegianaokulu.com.tr\/wp-content\/uploads\/2024\/07\/IMG_20240521_124655_456-600x600.webp\" class=\"attachment-codevz_600_600\" alt=\"\" srcset=\"https:\/\/www.afyongozbebegianaokulu.com.tr\/wp-content\/uploads\/2024\/07\/IMG_20240521_124655_456-600x600.webp 600w, https:\/\/www.afyongozbebegianaokulu.com.tr\/wp-content\/uploads\/2024\/07\/IMG_20240521_124655_456-300x300.webp 300w, https:\/\/www.afyongozbebegianaokulu.com.tr\/wp-content\/uploads\/2024\/07\/IMG_20240521_124655_456-150x150.webp 150w, https:\/\/www.afyongozbebegianaokulu.com.tr\/wp-content\/uploads\/2024\/07\/IMG_20240521_124655_456.webp 720w\" sizes=\"(max-width: 600px) 100vw, 600px\" \/><div class=\"cz_grid_details\"><i class=\"fa fa-search cz_grid_icon\"><\/i><h3>IMG_20240521_124655_456 ...<\/h3><\/div><\/a><\/div><\/div><div class=\"cz_grid_item \"><div><a class=\"cz_grid_link \" href=\"https:\/\/www.afyongozbebegianaokulu.com.tr\/wp-content\/uploads\/2024\/07\/IMG_20240601_121535_851.webp\"><img decoding=\"async\" width=\"600\" height=\"600\" src=\"https:\/\/www.afyongozbebegianaokulu.com.tr\/wp-content\/uploads\/2024\/07\/IMG_20240601_121535_851-600x600.webp\" class=\"attachment-codevz_600_600\" alt=\"\" srcset=\"https:\/\/www.afyongozbebegianaokulu.com.tr\/wp-content\/uploads\/2024\/07\/IMG_20240601_121535_851-600x600.webp 600w, https:\/\/www.afyongozbebegianaokulu.com.tr\/wp-content\/uploads\/2024\/07\/IMG_20240601_121535_851-300x300.webp 300w, https:\/\/www.afyongozbebegianaokulu.com.tr\/wp-content\/uploads\/2024\/07\/IMG_20240601_121535_851-150x150.webp 150w, https:\/\/www.afyongozbebegianaokulu.com.tr\/wp-content\/uploads\/2024\/07\/IMG_20240601_121535_851.webp 720w\" sizes=\"(max-width: 600px) 100vw, 600px\" \/><div class=\"cz_grid_details\"><i class=\"fa fa-search cz_grid_icon\"><\/i><h3>IMG_20240601_121535_851 ...<\/h3><\/div><\/a><\/div><\/div><div class=\"cz_grid_item \"><div><a class=\"cz_grid_link \" href=\"https:\/\/www.afyongozbebegianaokulu.com.tr\/wp-content\/uploads\/2024\/07\/IMG-20231204-WA0008.jpg\"><img decoding=\"async\" width=\"600\" height=\"600\" src=\"https:\/\/www.afyongozbebegianaokulu.com.tr\/wp-content\/uploads\/2024\/07\/IMG-20231204-WA0008-600x600.jpg\" class=\"attachment-codevz_600_600\" alt=\"\" srcset=\"https:\/\/www.afyongozbebegianaokulu.com.tr\/wp-content\/uploads\/2024\/07\/IMG-20231204-WA0008-600x600.jpg 600w, https:\/\/www.afyongozbebegianaokulu.com.tr\/wp-content\/uploads\/2024\/07\/IMG-20231204-WA0008-150x150.jpg 150w\" sizes=\"(max-width: 600px) 100vw, 600px\" \/><div class=\"cz_grid_details\"><i class=\"fa fa-search cz_grid_icon\"><\/i><h3>IMG-20231204-WA0008 ...<\/h3><\/div><\/a><\/div><\/div><div class=\"cz_grid_item \"><div><a class=\"cz_grid_link \" href=\"https:\/\/www.afyongozbebegianaokulu.com.tr\/wp-content\/uploads\/2024\/07\/IMG-20231215-WA0006.jpg\"><img decoding=\"async\" width=\"600\" height=\"600\" src=\"https:\/\/www.afyongozbebegianaokulu.com.tr\/wp-content\/uploads\/2024\/07\/IMG-20231215-WA0006-600x600.jpg\" class=\"attachment-codevz_600_600\" alt=\"\" srcset=\"https:\/\/www.afyongozbebegianaokulu.com.tr\/wp-content\/uploads\/2024\/07\/IMG-20231215-WA0006-600x600.jpg 600w, https:\/\/www.afyongozbebegianaokulu.com.tr\/wp-content\/uploads\/2024\/07\/IMG-20231215-WA0006-150x150.jpg 150w\" sizes=\"(max-width: 600px) 100vw, 600px\" \/><div class=\"cz_grid_details\"><i class=\"fa fa-search cz_grid_icon\"><\/i><h3>IMG-20231215-WA0006 ...<\/h3><\/div><\/a><\/div><\/div><div class=\"cz_grid_item \"><div><a class=\"cz_grid_link \" href=\"https:\/\/www.afyongozbebegianaokulu.com.tr\/wp-content\/uploads\/2024\/07\/IMG-20231215-WA0022.jpg\"><img decoding=\"async\" width=\"600\" height=\"600\" src=\"https:\/\/www.afyongozbebegianaokulu.com.tr\/wp-content\/uploads\/2024\/07\/IMG-20231215-WA0022-600x600.jpg\" class=\"attachment-codevz_600_600\" alt=\"\" srcset=\"https:\/\/www.afyongozbebegianaokulu.com.tr\/wp-content\/uploads\/2024\/07\/IMG-20231215-WA0022-600x600.jpg 600w, https:\/\/www.afyongozbebegianaokulu.com.tr\/wp-content\/uploads\/2024\/07\/IMG-20231215-WA0022-150x150.jpg 150w\" sizes=\"(max-width: 600px) 100vw, 600px\" \/><div class=\"cz_grid_details\"><i class=\"fa fa-search cz_grid_icon\"><\/i><h3>IMG-20231215-WA0022 ...<\/h3><\/div><\/a><\/div><\/div><div class=\"cz_grid_item \"><div><a class=\"cz_grid_link \" href=\"https:\/\/www.afyongozbebegianaokulu.com.tr\/wp-content\/uploads\/2024\/07\/IMG-20231219-WA0016.jpg\"><img decoding=\"async\" width=\"600\" height=\"600\" src=\"https:\/\/www.afyongozbebegianaokulu.com.tr\/wp-content\/uploads\/2024\/07\/IMG-20231219-WA0016-600x600.jpg\" class=\"attachment-codevz_600_600\" alt=\"\" srcset=\"https:\/\/www.afyongozbebegianaokulu.com.tr\/wp-content\/uploads\/2024\/07\/IMG-20231219-WA0016-600x600.jpg 600w, https:\/\/www.afyongozbebegianaokulu.com.tr\/wp-content\/uploads\/2024\/07\/IMG-20231219-WA0016-150x150.jpg 150w\" sizes=\"(max-width: 600px) 100vw, 600px\" \/><div class=\"cz_grid_details\"><i class=\"fa fa-search cz_grid_icon\"><\/i><h3>IMG-20231219-WA0016 ...<\/h3><\/div><\/a><\/div><\/div><div class=\"cz_grid_item \"><div><a class=\"cz_grid_link \" href=\"https:\/\/www.afyongozbebegianaokulu.com.tr\/wp-content\/uploads\/2024\/07\/IMG-20231221-WA0021.jpg\"><img decoding=\"async\" width=\"600\" height=\"600\" src=\"https:\/\/www.afyongozbebegianaokulu.com.tr\/wp-content\/uploads\/2024\/07\/IMG-20231221-WA0021-600x600.jpg\" class=\"attachment-codevz_600_600\" alt=\"\" srcset=\"https:\/\/www.afyongozbebegianaokulu.com.tr\/wp-content\/uploads\/2024\/07\/IMG-20231221-WA0021-600x600.jpg 600w, https:\/\/www.afyongozbebegianaokulu.com.tr\/wp-content\/uploads\/2024\/07\/IMG-20231221-WA0021-150x150.jpg 150w\" sizes=\"(max-width: 600px) 100vw, 600px\" \/><div class=\"cz_grid_details\"><i class=\"fa fa-search cz_grid_icon\"><\/i><h3>IMG-20231221-WA0021 ...<\/h3><\/div><\/a><\/div><\/div><div class=\"cz_grid_item \"><div><a class=\"cz_grid_link \" href=\"https:\/\/www.afyongozbebegianaokulu.com.tr\/wp-content\/uploads\/2024\/07\/IMG-20231221-WA0022.jpg\"><img decoding=\"async\" width=\"600\" height=\"600\" src=\"https:\/\/www.afyongozbebegianaokulu.com.tr\/wp-content\/uploads\/2024\/07\/IMG-20231221-WA0022-600x600.jpg\" class=\"attachment-codevz_600_600\" alt=\"\" srcset=\"https:\/\/www.afyongozbebegianaokulu.com.tr\/wp-content\/uploads\/2024\/07\/IMG-20231221-WA0022-600x600.jpg 600w, https:\/\/www.afyongozbebegianaokulu.com.tr\/wp-content\/uploads\/2024\/07\/IMG-20231221-WA0022-150x150.jpg 150w\" sizes=\"(max-width: 600px) 100vw, 600px\" \/><div class=\"cz_grid_details\"><i class=\"fa fa-search cz_grid_icon\"><\/i><h3>IMG-20231221-WA0022 ...<\/h3><\/div><\/a><\/div><\/div><div class=\"cz_grid_item \"><div><a class=\"cz_grid_link \" href=\"https:\/\/www.afyongozbebegianaokulu.com.tr\/wp-content\/uploads\/2024\/07\/IMG-20231222-WA0030.jpg\"><img decoding=\"async\" width=\"600\" height=\"600\" src=\"https:\/\/www.afyongozbebegianaokulu.com.tr\/wp-content\/uploads\/2024\/07\/IMG-20231222-WA0030-600x600.jpg\" class=\"attachment-codevz_600_600\" alt=\"\" srcset=\"https:\/\/www.afyongozbebegianaokulu.com.tr\/wp-content\/uploads\/2024\/07\/IMG-20231222-WA0030-600x600.jpg 600w, https:\/\/www.afyongozbebegianaokulu.com.tr\/wp-content\/uploads\/2024\/07\/IMG-20231222-WA0030-150x150.jpg 150w\" sizes=\"(max-width: 600px) 100vw, 600px\" \/><div class=\"cz_grid_details\"><i class=\"fa fa-search cz_grid_icon\"><\/i><h3>IMG-20231222-WA0030 ...<\/h3><\/div><\/a><\/div><\/div><div class=\"cz_grid_item \"><div><a class=\"cz_grid_link \" href=\"https:\/\/www.afyongozbebegianaokulu.com.tr\/wp-content\/uploads\/2024\/07\/IMG-20231225-WA0001.jpg\"><img decoding=\"async\" width=\"600\" height=\"600\" src=\"https:\/\/www.afyongozbebegianaokulu.com.tr\/wp-content\/uploads\/2024\/07\/IMG-20231225-WA0001-600x600.jpg\" class=\"attachment-codevz_600_600\" alt=\"\" srcset=\"https:\/\/www.afyongozbebegianaokulu.com.tr\/wp-content\/uploads\/2024\/07\/IMG-20231225-WA0001-600x600.jpg 600w, https:\/\/www.afyongozbebegianaokulu.com.tr\/wp-content\/uploads\/2024\/07\/IMG-20231225-WA0001-150x150.jpg 150w\" sizes=\"(max-width: 600px) 100vw, 600px\" \/><div class=\"cz_grid_details\"><i class=\"fa fa-search cz_grid_icon\"><\/i><h3>IMG-20231225-WA0001 ...<\/h3><\/div><\/a><\/div><\/div><div class=\"cz_grid_item \"><div><a class=\"cz_grid_link \" href=\"https:\/\/www.afyongozbebegianaokulu.com.tr\/wp-content\/uploads\/2024\/07\/IMG-20240426-WA0060.jpg\"><img decoding=\"async\" width=\"600\" height=\"600\" src=\"https:\/\/www.afyongozbebegianaokulu.com.tr\/wp-content\/uploads\/2024\/07\/IMG-20240426-WA0060-600x600.jpg\" class=\"attachment-codevz_600_600\" alt=\"\" srcset=\"https:\/\/www.afyongozbebegianaokulu.com.tr\/wp-content\/uploads\/2024\/07\/IMG-20240426-WA0060-600x600.jpg 600w, https:\/\/www.afyongozbebegianaokulu.com.tr\/wp-content\/uploads\/2024\/07\/IMG-20240426-WA0060-150x150.jpg 150w\" sizes=\"(max-width: 600px) 100vw, 600px\" \/><div class=\"cz_grid_details\"><i class=\"fa fa-search cz_grid_icon\"><\/i><h3>IMG-20240426-WA0060 ...<\/h3><\/div><\/a><\/div><\/div><div class=\"cz_grid_item \"><div><a class=\"cz_grid_link \" href=\"https:\/\/www.afyongozbebegianaokulu.com.tr\/wp-content\/uploads\/2024\/07\/IMG-20240503-WA0004.jpg\"><img decoding=\"async\" width=\"600\" height=\"600\" src=\"https:\/\/www.afyongozbebegianaokulu.com.tr\/wp-content\/uploads\/2024\/07\/IMG-20240503-WA0004-600x600.jpg\" class=\"attachment-codevz_600_600\" alt=\"\" srcset=\"https:\/\/www.afyongozbebegianaokulu.com.tr\/wp-content\/uploads\/2024\/07\/IMG-20240503-WA0004-600x600.jpg 600w, https:\/\/www.afyongozbebegianaokulu.com.tr\/wp-content\/uploads\/2024\/07\/IMG-20240503-WA0004-150x150.jpg 150w\" sizes=\"(max-width: 600px) 100vw, 600px\" \/><div class=\"cz_grid_details\"><i class=\"fa fa-search cz_grid_icon\"><\/i><h3>IMG-20240503-WA0004 ...<\/h3><\/div><\/a><\/div><\/div><div class=\"cz_grid_item \"><div><a class=\"cz_grid_link \" href=\"https:\/\/www.afyongozbebegianaokulu.com.tr\/wp-content\/uploads\/2024\/07\/IMG-20240503-WA0092.jpg\"><img decoding=\"async\" width=\"600\" height=\"600\" src=\"https:\/\/www.afyongozbebegianaokulu.com.tr\/wp-content\/uploads\/2024\/07\/IMG-20240503-WA0092-600x600.jpg\" class=\"attachment-codevz_600_600\" alt=\"\" srcset=\"https:\/\/www.afyongozbebegianaokulu.com.tr\/wp-content\/uploads\/2024\/07\/IMG-20240503-WA0092-600x600.jpg 600w, https:\/\/www.afyongozbebegianaokulu.com.tr\/wp-content\/uploads\/2024\/07\/IMG-20240503-WA0092-150x150.jpg 150w\" sizes=\"(max-width: 600px) 100vw, 600px\" \/><div class=\"cz_grid_details\"><i class=\"fa fa-search cz_grid_icon\"><\/i><h3>IMG-20240503-WA0092 ...<\/h3><\/div><\/a><\/div><\/div><div class=\"cz_grid_item \"><div><a class=\"cz_grid_link \" href=\"https:\/\/www.afyongozbebegianaokulu.com.tr\/wp-content\/uploads\/2024\/07\/IMG-20240506-WA0018.jpg\"><img decoding=\"async\" width=\"600\" height=\"600\" src=\"https:\/\/www.afyongozbebegianaokulu.com.tr\/wp-content\/uploads\/2024\/07\/IMG-20240506-WA0018-600x600.jpg\" class=\"attachment-codevz_600_600\" alt=\"\" srcset=\"https:\/\/www.afyongozbebegianaokulu.com.tr\/wp-content\/uploads\/2024\/07\/IMG-20240506-WA0018-600x600.jpg 600w, https:\/\/www.afyongozbebegianaokulu.com.tr\/wp-content\/uploads\/2024\/07\/IMG-20240506-WA0018-150x150.jpg 150w\" sizes=\"(max-width: 600px) 100vw, 600px\" \/><div class=\"cz_grid_details\"><i class=\"fa fa-search cz_grid_icon\"><\/i><h3>IMG-20240506-WA0018 ...<\/h3><\/div><\/a><\/div><\/div><div class=\"cz_grid_item \"><div><a class=\"cz_grid_link \" href=\"https:\/\/www.afyongozbebegianaokulu.com.tr\/wp-content\/uploads\/2024\/07\/IMG-20240508-WA0105.jpg\"><img decoding=\"async\" width=\"600\" height=\"600\" src=\"https:\/\/www.afyongozbebegianaokulu.com.tr\/wp-content\/uploads\/2024\/07\/IMG-20240508-WA0105-600x600.jpg\" class=\"attachment-codevz_600_600\" alt=\"\" srcset=\"https:\/\/www.afyongozbebegianaokulu.com.tr\/wp-content\/uploads\/2024\/07\/IMG-20240508-WA0105-600x600.jpg 600w, https:\/\/www.afyongozbebegianaokulu.com.tr\/wp-content\/uploads\/2024\/07\/IMG-20240508-WA0105-150x150.jpg 150w\" sizes=\"(max-width: 600px) 100vw, 600px\" \/><div class=\"cz_grid_details\"><i class=\"fa fa-search cz_grid_icon\"><\/i><h3>IMG-20240508-WA0105 ...<\/h3><\/div><\/a><\/div><\/div><div class=\"cz_grid_item \"><div><a class=\"cz_grid_link \" href=\"https:\/\/www.afyongozbebegianaokulu.com.tr\/wp-content\/uploads\/2024\/07\/IMG-20240509-WA0042.jpg\"><img decoding=\"async\" width=\"600\" height=\"600\" src=\"https:\/\/www.afyongozbebegianaokulu.com.tr\/wp-content\/uploads\/2024\/07\/IMG-20240509-WA0042-600x600.jpg\" class=\"attachment-codevz_600_600\" alt=\"\" srcset=\"https:\/\/www.afyongozbebegianaokulu.com.tr\/wp-content\/uploads\/2024\/07\/IMG-20240509-WA0042-600x600.jpg 600w, https:\/\/www.afyongozbebegianaokulu.com.tr\/wp-content\/uploads\/2024\/07\/IMG-20240509-WA0042-150x150.jpg 150w\" sizes=\"(max-width: 600px) 100vw, 600px\" \/><div class=\"cz_grid_details\"><i class=\"fa fa-search cz_grid_icon\"><\/i><h3>IMG-20240509-WA0042 ...<\/h3><\/div><\/a><\/div><\/div><div class=\"cz_grid_item \"><div><a class=\"cz_grid_link \" href=\"https:\/\/www.afyongozbebegianaokulu.com.tr\/wp-content\/uploads\/2024\/07\/IMG-20240509-WA0047.jpg\"><img decoding=\"async\" width=\"600\" height=\"600\" src=\"https:\/\/www.afyongozbebegianaokulu.com.tr\/wp-content\/uploads\/2024\/07\/IMG-20240509-WA0047-600x600.jpg\" class=\"attachment-codevz_600_600\" alt=\"\" srcset=\"https:\/\/www.afyongozbebegianaokulu.com.tr\/wp-content\/uploads\/2024\/07\/IMG-20240509-WA0047-600x600.jpg 600w, https:\/\/www.afyongozbebegianaokulu.com.tr\/wp-content\/uploads\/2024\/07\/IMG-20240509-WA0047-150x150.jpg 150w\" sizes=\"(max-width: 600px) 100vw, 600px\" \/><div class=\"cz_grid_details\"><i class=\"fa fa-search cz_grid_icon\"><\/i><h3>IMG-20240509-WA0047 ...<\/h3><\/div><\/a><\/div><\/div><div class=\"cz_grid_item \"><div><a class=\"cz_grid_link \" href=\"https:\/\/www.afyongozbebegianaokulu.com.tr\/wp-content\/uploads\/2024\/07\/IMG-20240517-WA0056.jpg\"><img decoding=\"async\" width=\"600\" height=\"600\" src=\"https:\/\/www.afyongozbebegianaokulu.com.tr\/wp-content\/uploads\/2024\/07\/IMG-20240517-WA0056-600x600.jpg\" class=\"attachment-codevz_600_600\" alt=\"\" srcset=\"https:\/\/www.afyongozbebegianaokulu.com.tr\/wp-content\/uploads\/2024\/07\/IMG-20240517-WA0056-600x600.jpg 600w, https:\/\/www.afyongozbebegianaokulu.com.tr\/wp-content\/uploads\/2024\/07\/IMG-20240517-WA0056-150x150.jpg 150w\" sizes=\"(max-width: 600px) 100vw, 600px\" \/><div class=\"cz_grid_details\"><i class=\"fa fa-search cz_grid_icon\"><\/i><h3>IMG-20240517-WA0056 ...<\/h3><\/div><\/a><\/div><\/div><\/div><\/div><div class=\"cz_gap clr \" style=\"height: 100px\"><\/div>[\/vc_column][\/vc_row][vc_row][vc_column width=&#8221;1\/3&#8243;]<div id=\"cz_50560\" class=\"cz_50560 services clr style1 services_b\"><div class=\"service_custom\"><i class=\"fa fa-check\"><\/i><\/div><div class=\"service_text\"><h3>SA\u011eLIK<\/h3><div class=\"cz_wpe_content\"><div style=\"line-height: 1.3; text-align: justify;\"><span style=\"font-size: 13px; color: #666;\">Okulumuzda d\u00fczenli sa\u011fl\u0131k taramas\u0131 yap\u0131larak \u00e7ocuklar\u0131m\u0131z\u0131n geli\u015fimini de\u011ferlendirmekteyiz. Afyon anaokulu faaliyetleri kapsam\u0131nda Ayr\u0131ca hastal\u0131k ve di\u011fer olu\u015fabilecek sorunlara \u00f6nceden \u00f6nlem almaktay\u0131z.<\/span><\/div>\n<\/div><\/div><\/div>[\/vc_column][vc_column width=&#8221;1\/3&#8243;]<div id=\"cz_93232\" class=\"cz_93232 services clr style1 services_b\"><div class=\"service_custom\"><i class=\"fa fa-check\"><\/i><\/div><div class=\"service_text\"><h3>S\u0130NEMA<\/h3><div class=\"cz_wpe_content\"><div style=\"line-height: 1.3; text-align: justify;\"><span style=\"font-size: 13px; color: #666;\">Okulumuzda ve sinema solununda \u00e7ocuklar\u0131m\u0131za geli\u015fimlerine uygun olarak filmler izletmekteyiz. B\u00f6ylece hem beraber Afyonkarahisar Anaokulu faaliyetleri aktivite yaparken hem de sinema k\u00fclt\u00fcrlerini geli\u015ftirmekteyiz.<\/span><\/div>\n<\/div><\/div><\/div>[\/vc_column][vc_column width=&#8221;1\/3&#8243;]<div id=\"cz_102428\" class=\"cz_102428 services clr style1 services_b\"><div class=\"service_custom\"><i class=\"fa fa-check\"><\/i><\/div><div class=\"service_text\"><h3>D\u0130\u011eER<\/h3><div class=\"cz_wpe_content\"><div style=\"line-height: 1.3; text-align: justify;\"><span style=\"font-size: 13px; color: #666;\">Okulumuzda yerli mal\u0131 haftas\u0131, karne g\u00fcn\u00fc, anne baba g\u00fcn\u00fc, oyuncak g\u00fcn\u00fc, bilim g\u00fcn\u00fc gibi etkinlikler yap\u0131lmaktad\u0131r. Afyon anaokulu faaliyetleri ile bu etkinliklerle \u00e7ocuklar\u0131m\u0131z\u0131n sosyal ba\u011f\u0131 geli\u015fmektedir..<\/span><\/div>\n<\/div><\/div><\/div>[\/vc_column][\/vc_row][vc_row][vc_column]<div class=\"cz_gap clr \" style=\"height: 100px\"><\/div>[\/vc_column][\/vc_row]<\/p>\n","protected":false},"excerpt":{"rendered":"<p>[vc_row][vc_column][\/vc_column][\/vc_row][vc_row][vc_column width=&#8221;1\/3&#8243;][\/vc_column][vc_column width=&#8221;1\/3&#8243;][\/vc_column][vc_column width=&#8221;1\/3&#8243;][\/vc_column][\/vc_row][vc_row][vc_column][\/vc_column][\/vc_row] &#8230; <\/p>\n","protected":false},"author":1,"featured_media":0,"parent":0,"menu_order":0,"comment_status":"closed","ping_status":"closed","template":"","meta":{"footnotes":""},"_links":{"self":[{"href":"https:\/\/www.afyongozbebegianaokulu.com.tr\/index.php?rest_route=\/wp\/v2\/pages\/1230"}],"collection":[{"href":"https:\/\/www.afyongozbebegianaokulu.com.tr\/index.php?rest_route=\/wp\/v2\/pages"}],"about":[{"href":"https:\/\/www.afyongozbebegianaokulu.com.tr\/index.php?rest_route=\/wp\/v2\/types\/page"}],"author":[{"embeddable":true,"href":"https:\/\/www.afyongozbebegianaokulu.com.tr\/index.php?rest_route=\/wp\/v2\/users\/1"}],"replies":[{"embeddable":true,"href":"https:\/\/www.afyongozbebegianaokulu.com.tr\/index.php?rest_route=%2Fwp%2Fv2%2Fcomments&post=1230"}],"version-history":[{"count":15,"href":"https:\/\/www.afyongozbebegianaokulu.com.tr\/index.php?rest_route=\/wp\/v2\/pages\/1230\/revisions"}],"predecessor-version":[{"id":1893,"href":"https:\/\/www.afyongozbebegianaokulu.com.tr\/index.php?rest_route=\/wp\/v2\/pages\/1230\/revisions\/1893"}],"wp:attachment":[{"href":"https:\/\/www.afyongozbebegianaokulu.com.tr\/index.php?rest_route=%2Fwp%2Fv2%2Fmedia&parent=1230"}],"curies":[{"name":"wp","href":"https:\/\/api.w.org\/{rel}","templated":true}]}}