{"id":1147,"date":"2019-01-25T06:01:07","date_gmt":"2019-01-25T06:01:07","guid":{"rendered":"https:\/\/www.afyongozbebegianaokulu.com.tr\/?page_id=1147"},"modified":"2024-07-09T10:29:38","modified_gmt":"2024-07-09T10:29:38","slug":"etkinlikler","status":"publish","type":"page","link":"https:\/\/www.afyongozbebegianaokulu.com.tr\/?page_id=1147","title":{"rendered":"Etkinlikler"},"content":{"rendered":"<p>[vc_row][vc_column]<div class=\"cz_gap clr \" style=\"height: 100px\"><\/div>[\/vc_column][\/vc_row][vc_row][vc_column width=&#8221;1\/2&#8243;]<div id=\"cz_83784\" class=\"cz_83784 cz_image clr\"><div class=\"cz_svg_bg\"><div class=\"cz_image_in\" data-tilt><div class=\"cz_main_image cz_\"><img decoding=\"async\" width=\"600\" height=\"350\" src=\"https:\/\/www.afyongozbebegianaokulu.com.tr\/wp-content\/uploads\/2019\/03\/degerler-egitimi-anaokullari.jpg\" class=\"attachment-full\" alt=\"\" srcset=\"https:\/\/www.afyongozbebegianaokulu.com.tr\/wp-content\/uploads\/2019\/03\/degerler-egitimi-anaokullari.jpg 600w, https:\/\/www.afyongozbebegianaokulu.com.tr\/wp-content\/uploads\/2019\/03\/degerler-egitimi-anaokullari-300x175.jpg 300w\" sizes=\"(max-width: 600px) 100vw, 600px\" \/><\/div><\/div><\/div><\/div>[\/vc_column][vc_column width=&#8221;1\/2&#8243; css=&#8221;.vc_custom_1506519213325{padding-left: 35px !important;}&#8221;]<div class=\"cz_gap clr \" style=\"height: 45px\"><\/div><div id=\"cz_39495\" class=\"cz_39495 cz_title clr cz_title_ba_line cz_title_pos_inline\"><div class=\"cz_title_content\"><div class=\"cz_wpe_content\"><h3 style=\"text-align: left;\"><span style=\"font-family: Ubuntu; color: #4d897c;\">De\u011ferler E\u011fitimi<\/span><\/h3>\n<\/div><div class=\"cz_title_line cz_line_after_title\"><span>_<\/span><\/div><\/div><\/div><div class=\"cz_gap clr \" style=\"height: 45px\"><\/div>[vc_column_text]<\/p>\n<div style=\"line-height: 1.3; text-align: justify;\"><span style=\"font-size: 15px; font-weight: 300; font-family: Montserrat; line-height: 1.5;\">Gelece\u011fimizin teminat\u0131 \u00e7ocuklar\u0131m\u0131z\u0131n temel e\u011fitimlerinin yan\u0131nda mili ve manevi de\u011ferlerine ba\u011fl\u0131 bir nesil olmalar\u0131n\u0131 sa\u011flamak i\u00e7in de\u011ferler e\u011fitimi verilmektedir.<br \/>\n\u00c7ocuklar\u0131m\u0131z\u0131n milli ve manevi de\u011ferlerine, geleneklerine, toplum kurallar\u0131na, aile ya\u015fant\u0131s\u0131na ba\u011fl\u0131 bir birey olarak yeti\u015ftirmek i\u00e7in \u00e7al\u0131\u015fmaktay\u0131z. G\u00fcn\u00fcm\u00fczde bu hassasiyetin ne kadar \u00f6nemli oldu\u011funu \u00e7ok daha ayr\u0131nt\u0131lar\u0131yla g\u00f6rmekteyiz. Afyon G\u00f6zbebe\u011fi anaokulu etkinlikleri bu a\u00e7\u0131dan \u00e7ok \u00f6nemlidir.<\/span><\/div>\n<p>[\/vc_column_text]<div class=\"cz_gap clr \" style=\"height: 10px\"><\/div>[\/vc_column][\/vc_row][vc_row][vc_column]<div class=\"cz_gap clr \" style=\"height: 178px\"><\/div>[\/vc_column][\/vc_row][vc_row][vc_column width=&#8221;1\/2&#8243; css=&#8221;.vc_custom_1506519213325{padding-left: 35px !important;}&#8221;]<div class=\"cz_gap clr \" style=\"height: 45px\"><\/div><div id=\"cz_14625\" class=\"cz_14625 cz_title clr cz_title_ba_line cz_title_pos_inline\"><div class=\"cz_title_content\"><div class=\"cz_wpe_content\"><h3 style=\"text-align: left;\"><span style=\"font-family: Ubuntu; color: #4d897c;\">\u0130ngilizce Etkinli\u011fi<\/span><\/h3>\n<\/div><div class=\"cz_title_line cz_line_after_title\"><span>_<\/span><\/div><\/div><\/div><div class=\"cz_gap clr \" style=\"height: 45px\"><\/div>[vc_column_text]<\/p>\n<div style=\"line-height: 1.3; text-align: justify;\">\n<p><span style=\"font-size: 15px; font-weight: 300; font-family: Montserrat; line-height: 1.5;\">Gelece\u011fimizin teminat\u0131 olacak olan \u00e7ocuklar\u0131m\u0131z\u0131n temel e\u011fitimlerinin yan\u0131nda her g\u00fcn geli\u015fen ve de\u011fi\u015fen D\u00fcnya&#8217;ya ayak uydurmalar\u0131n\u0131 sa\u011flamak amac\u0131 ile temel yabanc\u0131 dil dersi olarak ingilizce etkinli\u011fi verilmektedir.<br \/>\n\u00c7ocuklar\u0131n okul \u00f6ncesindeki do\u011fal \u00f6\u011frenme yetene\u011fi yeti\u015fkin ya\u015flara g\u00f6re daha avantaj sa\u011flad\u0131\u011f\u0131 i\u00e7in, okullar\u0131m\u0131zda ingilizce etkinli\u011fi verilmektedir. E\u011fitimciler aras\u0131nda yap\u0131lan anketlerde okul \u00f6ncesi verilen yabanc\u0131 dil e\u011fitimlerinin daha kal\u0131c\u0131 oldu\u011fu, bu ya\u015ftaki \u00e7ocuklar\u0131n \u00f6\u011frenmeye daha yatk\u0131n oldu\u011fu i\u00e7in farkl\u0131 bir dilin fark\u0131ndal\u0131\u011f\u0131 ileride daha iyi kavranmaktad\u0131r. Okul \u00f6ncesi verilen yabanc\u0131 dil etkinliklerinin daha kal\u0131c\u0131 oldu\u011fu anla\u015f\u0131lmaktad\u0131r.<\/span><\/p>\n<p>&nbsp;<\/p><\/div>\n<p>[\/vc_column_text]<div class=\"cz_gap clr \" style=\"height: 10px\"><\/div>[\/vc_column][vc_column width=&#8221;1\/2&#8243;]<div id=\"cz_72326\" class=\"cz_72326 cz_image clr\"><div class=\"\"><div class=\"cz_image_in\" data-tilt><div class=\"cz_main_image cz_\"><img decoding=\"async\" width=\"600\" height=\"350\" src=\"https:\/\/www.afyongozbebegianaokulu.com.tr\/wp-content\/uploads\/2019\/03\/ingilizce-okul-oncesi-egitim.jpg\" class=\"attachment-full\" alt=\"\" srcset=\"https:\/\/www.afyongozbebegianaokulu.com.tr\/wp-content\/uploads\/2019\/03\/ingilizce-okul-oncesi-egitim.jpg 600w, https:\/\/www.afyongozbebegianaokulu.com.tr\/wp-content\/uploads\/2019\/03\/ingilizce-okul-oncesi-egitim-300x175.jpg 300w\" sizes=\"(max-width: 600px) 100vw, 600px\" \/><\/div><\/div><\/div><\/div>[\/vc_column][\/vc_row][vc_row][vc_column]<div class=\"cz_gap clr \" style=\"height: 100px\"><\/div>[\/vc_column][\/vc_row][vc_row full_width=&#8221;stretch_row&#8221; css=&#8221;.vc_custom_1551680713440{background-color: #ec1651 !important;}&#8221;][vc_column width=&#8221;1\/2&#8243;]<div class=\"cz_gap clr \" style=\"height: 70px\"><\/div><div id=\"cz_89237\" class=\"cz_89237 cz_image clr\"><div class=\"cz_svg_bg\"><div class=\"cz_image_in\" data-tilt><div class=\"cz_main_image cz_\"><img decoding=\"async\" width=\"600\" height=\"350\" src=\"https:\/\/www.afyongozbebegianaokulu.com.tr\/wp-content\/uploads\/2019\/03\/beden-egitimi-etkinlikleri.jpg\" class=\"attachment-full\" alt=\"\" srcset=\"https:\/\/www.afyongozbebegianaokulu.com.tr\/wp-content\/uploads\/2019\/03\/beden-egitimi-etkinlikleri.jpg 600w, https:\/\/www.afyongozbebegianaokulu.com.tr\/wp-content\/uploads\/2019\/03\/beden-egitimi-etkinlikleri-300x175.jpg 300w\" sizes=\"(max-width: 600px) 100vw, 600px\" \/><\/div><\/div><\/div><\/div><div class=\"cz_gap clr \" style=\"height: 90px\"><\/div>[\/vc_column][vc_column width=&#8221;1\/2&#8243; css=&#8221;.vc_custom_1506519213325{padding-left: 35px !important;}&#8221;]<div class=\"cz_gap clr \" style=\"height: 45px\"><\/div><div class=\"cz_gap clr \" style=\"height: 45px\"><\/div><div id=\"cz_84636\" class=\"cz_84636 cz_title clr cz_title_ba_line cz_title_pos_inline\"><div class=\"cz_title_content\"><div class=\"cz_wpe_content\"><h3 style=\"text-align: left;\"><span style=\"font-family: Ubuntu; color: #ffffff;\">Beden Etkinli\u011fi<\/span><\/h3>\n<\/div><div class=\"cz_title_line cz_line_after_title\"><span>_<\/span><\/div><\/div><\/div><div class=\"cz_gap clr \" style=\"height: 45px\"><\/div>[vc_column_text]<\/p>\n<div style=\"line-height: 1.3; text-align: justify;\">\n<p><span style=\"font-size: 16px; font-weight: 350; font-family: Montserrat; line-height: 1.5; color: #ffffff;\">\u00c7ocuklar\u0131m\u0131za beden e\u011fitimi olarak jimnastik e\u011fitimi verilmektedir.<br \/>\nJimnastik hem v\u00fccudun sa\u011fl\u0131kl\u0131 kalmas\u0131n\u0131 hemde sporla beraber zinde kalmas\u0131n\u0131 sa\u011flayan en g\u00fczel aktivitelerden bir tanesidir. Beraber yap\u0131lan en \u00f6nemli organizasyonlardan biri olan beden e\u011fitimi dersi, \u00e7ocuklar\u0131n kendilerini tan\u0131ma ve sporu sevme al\u0131\u015fkanl\u0131\u011f\u0131n\u0131 ortaya \u00e7\u0131karmaktad\u0131r. <\/span><\/p>\n<p>&nbsp;<\/p><\/div>\n<p>[\/vc_column_text]<div class=\"cz_gap clr \" style=\"height: 10px\"><\/div>[\/vc_column][\/vc_row][vc_row full_width=&#8221;stretch_row&#8221; css=&#8221;.vc_custom_1497437106728{background-color: #fbfbfb !important;}&#8221;][vc_column offset=&#8221;vc_col-lg-4 vc_col-md-12&#8243;]<div class=\"cz_gap clr \" style=\"height: 145px\"><\/div><div class=\"wpb_animate_when_almost_visible wpb_bottom-to-top bottom-to-top relative \"><div id=\"cz_49119\" class=\"cz_49119 cz_title clr cz_smart_fs cz_mobile_text_center cz_title_pos_inline\"><div class=\"cz_title_content\"><div class=\"cz_wpe_content\"><h3><span style=\"font-size: 36px;\"><strong><span style=\"vertical-align: inherit;\"><span style=\"vertical-align: inherit;\">Matematik\u00a0<\/span><\/span><span class=\"cz_underline cz_underline_solid\" style=\"color: #e32f56; margin: 0px 2px; padding: 1px 0px 2px; border-bottom: 1px solid;\"><span style=\"vertical-align: inherit;\"><span style=\"vertical-align: inherit;\">Etkinli\u011fi<\/span><\/span><\/span><span style=\"vertical-align: inherit;\"><span style=\"vertical-align: inherit;\">\u00a0<\/span><\/span><\/strong><\/span><\/h3>\n<\/div><\/div><\/div><\/div><div id=\"cz_29286\" class=\"cz_29286 cz_title clr cz_mobile_text_center cz_title_pos_inline\"><div class=\"cz_title_content\"><div class=\"cz_wpe_content\"><p><span style=\"color: #808080; font-size: 19px;\">\u00c7ocuklar\u0131n okul \u00f6ncesindeki do\u011fal \u00f6\u011frenme yetene\u011fi yeti\u015fkin ya\u015flara g\u00f6re daha avantaj sa\u011flad\u0131\u011f\u0131 i\u00e7in, okullar\u0131m\u0131zda matematik etkinli\u011fi d\u00fczenlenmektedir. Bu ya\u015ftaki \u00e7ocuklar\u0131n \u00f6\u011frenmeye daha yatk\u0131n oldu\u011fu i\u00e7in Okul \u00f6ncesi yap\u0131lan etkinliklerin daha kal\u0131c\u0131 oldu\u011fu anla\u015f\u0131lmaktad\u0131r.<\/span><\/p>\n<\/div><\/div><\/div>[\/vc_column][vc_column width=&#8221;1\/2&#8243; offset=&#8221;vc_col-lg-4 vc_col-md-6 vc_col-xs-12&#8243; css=&#8221;.vc_custom_1514274414648{margin-right: 10px !important;}&#8221;]<div class=\"cz_gap clr \" style=\"height: 100px\"><\/div><div id=\"cz_26977\" class=\"cz_26977 cz_image_hover_zoom wpb_animate_when_almost_visible bottom-to-top\"><div><a href=\"https:\/\/www.afyongozbebegianaokulu.com.tr\/wp-content\/uploads\/2019\/03\/matematik-turkce-egitimleri.jpg\"><img decoding=\"async\" class=\"\" src=\"https:\/\/www.afyongozbebegianaokulu.com.tr\/wp-content\/uploads\/2019\/03\/matematik-turkce-egitimleri-370x500.jpg\" width=\"370\" height=\"500\" alt=\"matematik-turkce-egitimleri\" title=\"matematik-turkce-egitimleri\" \/><\/a><\/div><\/div><div class=\"cz_gap clr \" style=\"height: 100px\"><\/div>[\/vc_column][vc_column width=&#8221;1\/2&#8243; offset=&#8221;vc_col-lg-4 vc_col-md-6 vc_col-xs-12&#8243;]<div class=\"cz_gap clr \" style=\"height: 145px\"><\/div><div class=\"wpb_animate_when_almost_visible wpb_bottom-to-top bottom-to-top relative \"><div id=\"cz_36998\" class=\"cz_36998 cz_title clr cz_smart_fs cz_mobile_text_center cz_title_pos_inline\"><div class=\"cz_title_content\"><div class=\"cz_wpe_content\"><h3><span style=\"font-size: 36px;\"><strong><span style=\"vertical-align: inherit;\"><span style=\"vertical-align: inherit;\">T\u00fcrk\u00e7e\u00a0<\/span><\/span><span class=\"cz_underline cz_underline_solid\" style=\"color: #e32f56; margin: 0px 2px; padding: 1px 0px 2px; border-bottom: 1px solid;\"><span style=\"vertical-align: inherit;\"><span style=\"vertical-align: inherit;\">Dil<\/span><\/span><\/span><span style=\"vertical-align: inherit;\"><span style=\"vertical-align: inherit;\">\u00a0Etkinli\u011fi<\/span><\/span><\/strong><\/span><\/h3>\n<\/div><\/div><\/div><\/div><div id=\"cz_11463\" class=\"cz_11463 cz_title clr cz_mobile_text_center cz_title_pos_inline\"><div class=\"cz_title_content\"><div class=\"cz_wpe_content\"><p><span style=\"color: #808080; font-size: 19px;\">Gelece\u011fimizin teminat\u0131 olan \u00e7ocuklar\u0131m\u0131z\u0131n temel e\u011fitimlerinin yan\u0131nda T\u00fcrk\u00e7e dil etkinli\u011fi de verilmektedir.<br \/>\nBu etkinlikler k\u0131saca \u015fiir etkinli\u011fi, hikaye etkinli\u011fi, ana dil etkinli\u011fi, bilmece etkinli\u011fi, tekerleme etkinli\u011fi, parmak oyunlar\u0131 etkinli\u011fi ve farkl\u0131 T\u00fcrk\u00e7e dil etkinlikleridir.<\/span><\/p>\n<\/div><\/div><\/div>[\/vc_column][\/vc_row][vc_row full_width=&#8221;stretch_row&#8221; gap=&#8221;10&#8243; css=&#8221;.vc_custom_1551773908215{background-color: #8bc34a !important;}&#8221;][vc_column width=&#8221;1\/2&#8243; css=&#8221;.vc_custom_1506519213325{padding-left: 35px !important;}&#8221;]<div class=\"cz_gap clr \" style=\"height: 100px\"><\/div><div class=\"cz_gap clr \" style=\"height: 45px\"><\/div><div id=\"cz_38290\" class=\"cz_38290 cz_title clr cz_title_ba_line cz_title_pos_inline\"><div class=\"cz_title_content\"><div class=\"cz_wpe_content\"><h3 style=\"text-align: left;\"><span style=\"font-family: Ubuntu; color: #ffffff;\">\u0130lkokula Haz\u0131rl\u0131k \u00c7al\u0131\u015fmalar\u0131<\/span><\/h3>\n<\/div><div class=\"cz_title_line cz_line_after_title\"><span>_<\/span><\/div><\/div><\/div><div class=\"cz_gap clr \" style=\"height: 45px\"><\/div>[vc_column_text]<\/p>\n<div style=\"line-height: 1.3; text-align: justify;\">\n<p><span style=\"font-size: 16px; font-weight: 350; font-family: Montserrat; line-height: 1.5; color: #ffffff;\">\u00c7ocuklar\u0131m\u0131z\u0131n hayat\u0131n\u0131n ba\u015flang\u0131c\u0131 olan anaokulu e\u011fitimi s\u0131ras\u0131nda ilkokula haz\u0131rl\u0131k e\u011fitimleri de verilmektedir.<br \/>\n\u00c7ocuklar\u0131n okul \u00f6ncesi e\u011fitim programlar\u0131nda ilkokula al\u0131\u015ft\u0131rma, haz\u0131rl\u0131k \u00e7al\u0131\u015fmalar\u0131 verilmektedir. \u0130lkokulda yepyeni bir hayata ba\u015flayacak olan \u00e7ocuklar\u0131m\u0131z i\u00e7in rehber \u00f6\u011fretmenler e\u015fli\u011finde e\u011fitimler verilmektedir.Ayr\u0131ca Afyon anaokulu etkinlikleri yap\u0131lmaktad\u0131r.<\/span><\/p>\n<p>&nbsp;<\/p>\n<\/div>\n<p>[\/vc_column_text]<div class=\"cz_gap clr \" style=\"height: 10px\"><\/div>[\/vc_column][vc_column width=&#8221;1\/2&#8243;]<div class=\"cz_gap clr \" style=\"height: 100px\"><\/div><div id=\"cz_69676\" class=\"cz_69676 cz_image clr\"><div class=\"cz_svg_bg\"><div class=\"cz_image_in\" data-tilt><div class=\"cz_main_image cz_\"><img decoding=\"async\" width=\"600\" height=\"350\" src=\"https:\/\/www.afyongozbebegianaokulu.com.tr\/wp-content\/uploads\/2019\/03\/ilkokula-hazirlik-egitimleri.jpg\" class=\"attachment-full\" alt=\"\" srcset=\"https:\/\/www.afyongozbebegianaokulu.com.tr\/wp-content\/uploads\/2019\/03\/ilkokula-hazirlik-egitimleri.jpg 600w, https:\/\/www.afyongozbebegianaokulu.com.tr\/wp-content\/uploads\/2019\/03\/ilkokula-hazirlik-egitimleri-300x175.jpg 300w\" sizes=\"(max-width: 600px) 100vw, 600px\" \/><\/div><\/div><\/div><\/div><div class=\"cz_gap clr \" style=\"height: 123px\"><\/div>[\/vc_column][\/vc_row][vc_row][vc_column]<div class=\"cz_gap clr \" style=\"height: 135px\"><\/div>[\/vc_column][\/vc_row][vc_row][vc_column width=&#8221;1\/2&#8243;]<div id=\"cz_33516\" class=\"cz_33516 cz_image clr\"><div class=\"\"><div class=\"cz_image_in\" data-tilt><div class=\"cz_main_image cz_\"><img decoding=\"async\" width=\"600\" height=\"350\" src=\"https:\/\/www.afyongozbebegianaokulu.com.tr\/wp-content\/uploads\/2019\/03\/oz-bakim-egitimi-anaokulu.jpg\" class=\"attachment-full\" alt=\"\" srcset=\"https:\/\/www.afyongozbebegianaokulu.com.tr\/wp-content\/uploads\/2019\/03\/oz-bakim-egitimi-anaokulu.jpg 600w, https:\/\/www.afyongozbebegianaokulu.com.tr\/wp-content\/uploads\/2019\/03\/oz-bakim-egitimi-anaokulu-300x175.jpg 300w\" sizes=\"(max-width: 600px) 100vw, 600px\" \/><\/div><\/div><\/div><\/div>[\/vc_column][vc_column width=&#8221;1\/2&#8243; css=&#8221;.vc_custom_1506519213325{padding-left: 35px !important;}&#8221;]<div id=\"cz_39643\" class=\"cz_39643 cz_title clr cz_title_ba_line cz_title_pos_inline\"><div class=\"cz_title_content\"><div class=\"cz_wpe_content\"><h3 style=\"text-align: left;\"><span style=\"font-family: Ubuntu; color: #4d897c;\">\u00d6z Bak\u0131m E\u011fitimi<\/span><\/h3>\n<\/div><div class=\"cz_title_line cz_line_after_title\"><span>_<\/span><\/div><\/div><\/div><div class=\"cz_gap clr \" style=\"height: 45px\"><\/div>[vc_column_text]<\/p>\n<div style=\"line-height: 1.3; text-align: justify;\">\n<p><span style=\"font-size: 14px; font-weight: 300; font-family: Montserrat; line-height: 1.5;\">\u00c7ocuklar\u0131m\u0131za g\u00fcnl\u00fck ya\u015fam becerilerini kolayla\u015ft\u0131rmak i\u00e7in \u00f6z bak\u0131m e\u011fitimi verilmektedir. \u00c7ocuklara g\u00fcnde 2 kez ve 5 ile 10 dakika aras\u0131 e\u011fitim i\u00e7in zaman ay\u0131rarak \u00f6z bak\u0131m e\u011fitim verilmektedir.<br \/>\nBu e\u011fitimde \u00e7ocu\u011fun kendisini e\u011fitime verebilmesi i\u00e7in zinde, uykusuz ve moralli olmas\u0131 gerekir. \u00d6z bak\u0131m e\u011fitimlerinde \u00e7ocuklarla m\u00fcmk\u00fcn mertebe ayn\u0131 hizada oturarak g\u00f6z temas\u0131 kurulmal\u0131d\u0131r. Sizin y\u00fcz\u00fcn\u00fcz\u00fc g\u00f6rmesi i\u00e7in ona do\u011fru oturmal\u0131, size bakm\u0131yorsa y\u00fcz\u00fcn\u00fc hafif\u00e7e \u00e7enesinde tutarak kendinize d\u00f6nd\u00fcrmelisiniz. Kar\u015f\u0131l\u0131kl\u0131 olarak g\u00f6z g\u00f6ze gelme s\u00fcresi ve kadar uzarsa o kadar verimli bir e\u011fitim olur. Bunun i\u00e7in \u00e7ocu\u011funuzu \u00f6d\u00fcllendiriniz. E\u011fer sizinle ileti\u015fim kurmamakta \u0131srar ediyorsa o zaman g\u00f6z hizan\u0131za sevdi\u011fi bir \u015fey koyarak yine ileti\u015fim sa\u011flamay\u0131 deneyiniz. K\u0131sa ve basit c\u00fcmleler kurunuz. Afyon anaokulu etkinleri i\u00e7in sayfam\u0131z\u0131 ziyaret edebilirsiniz.<\/span><\/p>\n<p>&nbsp;<\/p>\n<\/div>\n<p>[\/vc_column_text]<div class=\"cz_gap clr \" style=\"height: 10px\"><\/div>[\/vc_column][\/vc_row][vc_row][vc_column]<div class=\"cz_gap clr \" style=\"height: 100px\"><\/div>[\/vc_column][\/vc_row][vc_row][vc_column width=&#8221;1\/2&#8243; css=&#8221;.vc_custom_1506519213325{padding-left: 35px !important;}&#8221;]<div class=\"cz_gap clr \" style=\"height: 45px\"><\/div><div id=\"cz_56218\" class=\"cz_56218 cz_title clr cz_title_ba_line cz_title_pos_inline\"><div class=\"cz_title_content\"><div class=\"cz_wpe_content\"><h3 style=\"text-align: left;\"><span style=\"font-family: Ubuntu; color: #4d897c;\">DG\u00c7 \u00c7al\u0131\u015fmalar\u0131<\/span><\/h3>\n<\/div><div class=\"cz_title_line cz_line_after_title\"><span>_<\/span><\/div><\/div><\/div><div class=\"cz_gap clr \" style=\"height: 45px\"><\/div>[vc_column_text]<\/p>\n<div style=\"line-height: 1.3; text-align: justify;\">\n<p><span style=\"font-size: 14px; font-weight: 300; font-family: Montserrat; line-height: 1.5;\">Dikkat geli\u015ftirme yada dikkat toplama \u00e7al\u0131\u015fmas\u0131 insan\u0131n dikkatinin bir noktada bilin\u00e7li olarak toplanmas\u0131d\u0131r. Dalg\u0131nl\u0131k ve d\u00fczensizliklerin bir tarafa b\u0131rak\u0131larak d\u00fc\u015f\u00fcncemizi o ana, o anki olaylara toplamad\u0131r.<br \/>\n\u00c7ocuklar\u0131n okul \u00f6ncesindeki e\u011fitimlerinde dikkatlerini bir noktaya toplayabilme, o anki konuya odaklanabilme, ani geli\u015fen olaylarda dikkatini da\u011f\u0131tmadan sakin kalabilme gibi \u00f6zel etkinlikler yap\u0131lmaktad\u0131r.<\/span><\/p>\n<p>&nbsp;<\/p><\/div>\n<p>[\/vc_column_text]<div class=\"cz_gap clr \" style=\"height: 10px\"><\/div>[\/vc_column][vc_column width=&#8221;1\/2&#8243;]<div id=\"cz_42496\" class=\"cz_42496 cz_image clr\"><div class=\"\"><div class=\"cz_image_in\" data-tilt><div class=\"cz_main_image cz_\"><img decoding=\"async\" width=\"600\" height=\"350\" src=\"https:\/\/www.afyongozbebegianaokulu.com.tr\/wp-content\/uploads\/2019\/03\/\u00f6zel-okul-oncesi-egitimler.jpg\" class=\"attachment-full\" alt=\"\" srcset=\"https:\/\/www.afyongozbebegianaokulu.com.tr\/wp-content\/uploads\/2019\/03\/\u00f6zel-okul-oncesi-egitimler.jpg 600w, https:\/\/www.afyongozbebegianaokulu.com.tr\/wp-content\/uploads\/2019\/03\/\u00f6zel-okul-oncesi-egitimler-300x175.jpg 300w\" sizes=\"(max-width: 600px) 100vw, 600px\" \/><\/div><\/div><\/div><\/div>[\/vc_column][\/vc_row][vc_row][vc_column]<div class=\"cz_gap clr \" style=\"height: 100px\"><\/div>[\/vc_column][\/vc_row]<\/p>\n","protected":false},"excerpt":{"rendered":"<p>[vc_row][vc_column][\/vc_column][\/vc_row][vc_row][vc_column width=&#8221;1\/2&#8243;][\/vc_column][vc_column width=&#8221;1\/2&#8243; css=&#8221;.vc_custom_1506519213325{padding-left: 35px !important;}&#8221;][vc_column_text] Gelece\u011fimizin teminat\u0131 \u00e7ocuklar\u0131m\u0131z\u0131n temel e\u011fitimlerinin yan\u0131nda mili ve manevi de\u011ferlerine ba\u011fl\u0131 bir nesil olmalar\u0131n\u0131 &#8230; <\/p>\n","protected":false},"author":1,"featured_media":0,"parent":0,"menu_order":0,"comment_status":"closed","ping_status":"closed","template":"","meta":{"footnotes":""},"_links":{"self":[{"href":"https:\/\/www.afyongozbebegianaokulu.com.tr\/index.php?rest_route=\/wp\/v2\/pages\/1147"}],"collection":[{"href":"https:\/\/www.afyongozbebegianaokulu.com.tr\/index.php?rest_route=\/wp\/v2\/pages"}],"about":[{"href":"https:\/\/www.afyongozbebegianaokulu.com.tr\/index.php?rest_route=\/wp\/v2\/types\/page"}],"author":[{"embeddable":true,"href":"https:\/\/www.afyongozbebegianaokulu.com.tr\/index.php?rest_route=\/wp\/v2\/users\/1"}],"replies":[{"embeddable":true,"href":"https:\/\/www.afyongozbebegianaokulu.com.tr\/index.php?rest_route=%2Fwp%2Fv2%2Fcomments&post=1147"}],"version-history":[{"count":10,"href":"https:\/\/www.afyongozbebegianaokulu.com.tr\/index.php?rest_route=\/wp\/v2\/pages\/1147\/revisions"}],"predecessor-version":[{"id":1853,"href":"https:\/\/www.afyongozbebegianaokulu.com.tr\/index.php?rest_route=\/wp\/v2\/pages\/1147\/revisions\/1853"}],"wp:attachment":[{"href":"https:\/\/www.afyongozbebegianaokulu.com.tr\/index.php?rest_route=%2Fwp%2Fv2%2Fmedia&parent=1147"}],"curies":[{"name":"wp","href":"https:\/\/api.w.org\/{rel}","templated":true}]}}